{"id":2470,"date":"2024-01-18T14:33:08","date_gmt":"2024-01-18T19:33:08","guid":{"rendered":"https:\/\/commercesutton.ca\/?page_id=2470"},"modified":"2024-12-10T10:38:17","modified_gmt":"2024-12-10T15:38:17","slug":"sustainable-tourism","status":"publish","type":"page","link":"https:\/\/commercesutton.ca\/en\/sustainable-tourism\/","title":{"rendered":"Sustainable Tourism"},"content":{"rendered":"\n<h1>\n\t\tMobilizing our community for responsable tourism\n\t<\/h1>\n\t<p>Concerned about the future &amp; economic vitality of tourism in the face of climate change, as well as the environmental footprint of tourism, the Corporation de d\u00e9veloppement \u00e9conomique de Sutton is motivated to carry out a major mobilization project: <strong>Sutton, taking care of our destination together.<\/strong><\/p>\n\t\t\t<button tabindex=\"0\" aria-label=\"Menu\">\n\t\t\t\t\t\t\t<\/button>\n\t<nav aria-label=\"Sustainable tourism\" itemscope=\"itemscope\" itemtype=\"https:\/\/schema.org\/SiteNavigationElement\">\n\t\t<ul><li id=\"menu-item-131\"><\/li>\n<li id=\"menu-item-1157\"><\/li>\n<li id=\"menu-item-132\"><\/li>\n<li id=\"menu-item-139\"><\/li>\n<li id=\"menu-item-128\"><\/li>\n<li id=\"menu-item-1217\"><\/li>\n<li id=\"menu-item-2421\"><\/li>\n<li id=\"menu-item-2470\"><\/li>\n<\/ul>\n\t\t\t<\/nav>\n<h2>\n\t\tWhy a concerted approach?\n\t<\/h2>\n\t<img width=\"940\" height=\"788\" src=\"https:\/\/commercesutton.ca\/wp-content\/uploads\/2024\/02\/Copie-de-Header-logo-Publication-Facebook-1.jpg\" alt=\"Lancement tourisme durable Sutton\" decoding=\"async\" loading=\"lazy\" srcset=\"https:\/\/commercesutton.ca\/wp-content\/uploads\/2024\/02\/Copie-de-Header-logo-Publication-Facebook-1.jpg 940w, https:\/\/commercesutton.ca\/wp-content\/uploads\/2024\/02\/Copie-de-Header-logo-Publication-Facebook-1-300x251.jpg 300w, https:\/\/commercesutton.ca\/wp-content\/uploads\/2024\/02\/Copie-de-Header-logo-Publication-Facebook-1-768x644.jpg 768w\" sizes=\"auto, (max-width: 940px) 100vw, 940px\" \/><iframe loading=\"lazy\" title=\"Lancement de la d\u00e9marche de mobilisation pour un tourisme durable et lent \u00e0 Sutton - 8 f\u00e9vrier 2024\" width=\"500\" height=\"281\" src=\"https:\/\/www.youtube.com\/embed\/k7OqGdzU45M?feature=oembed\" frameborder=\"0\" allow=\"accelerometer; autoplay; clipboard-write; encrypted-media; gyroscope; picture-in-picture; web-share\" referrerpolicy=\"strict-origin-when-cross-origin\" allowfullscreen><\/iframe>\n\t\t\t<a href=\"https:\/\/forms.gle\/xphYJ7Xdtkuv3HtDA\" target=\"_blank\" rel=\"noopener\">\n\t\t\t\t\t\tGet involved!\n\t\t\t\t\t<\/a>\n\t\t\t<a href=\"https:\/\/forms.gle\/FdGSDdcUqaBtrYjv7\" target=\"_blank\" rel=\"noopener\">\n\t\t\t\t\t\tStay informed!\n\t\t\t\t\t<\/a>\n<h2>\n\t\tWhat are our goals?\n\t<\/h2>\n\t<ol>\n<li>Co-create a project that brings people together &amp; fosters a high level of social acceptability.<\/li>\n<li>Test an approach that can be used again for other projects with sustainable development values.<\/li>\n<li>Create a shared vision for the development of an inclusive and concerted tourism offering.<\/li>\n<\/ol>\n<h2>\n\t\tWhat results do we hope to achieve?\n\t<\/h2>\n\t<ul>\n<li>Breaking down silos and working together<\/li>\n<li>Promote social acceptability<\/li>\n<li>Showcase heritage, culture and terroir<\/li>\n<li>Promote gentle mobility and reduce carbon footprint<\/li>\n<li>Become a more resilient, diversified and sustainable 4-season destination<\/li>\n<\/ul>\n<h2>\n\t\tWhat is a cocreative process?\n\t<\/h2>\n<p>Co-creation is a hands-on approach that allows participants to explore, design and test solutions before they are implemented, for the benefit of residents and visitors alike.<\/p>\n<h2>\n\t\tWhat concrete project will bring us together?\n\t<\/h2>\n\t<p>The cocreation of a trail that showcases scenic beauty, gentle mobility, heritage, culture, hospitality and local produce in a sustainable way.<\/p>\n\t\t\t<h3> Approach<\/h3> <ul><li><strong>Grant announcement<\/strong><br \/>15 January 2024<\/li><li><strong>Project Launch<\/strong><br \/>8 February 2024<\/li><li><strong>Project presentation in English<\/strong><br \/>March 2024<\/li><li><strong>Community mapping<\/strong><br \/>March-April 2024<\/li><li><strong>Meeting of the Grand Conseil of the Waban-Aki Nation in Odanak<\/strong><br \/>April 2024<\/li><li><b>Activities to deepen solutions<\/b><br \/>April-May 2024<\/li><li><strong>Ideation &amp; prototyping workshop<\/strong><br \/>June 2024<\/li><li><b>Designing experiments<\/b><br \/>June-July-August 2024<\/li><li><b>Showcase &#8216;Vitrine&#8217; Event<\/b><br \/>28-29 September 2024<\/li><li><b>Sustainable Tourisme Visitor Survey<\/b><br \/>23 November 2024 -10 January 2025<\/li><li><b>Vision and implementation principles<\/b><br \/>30 November 2024<br \/>\u00a0<\/li><\/ul>\t\t\n\t<h2>\n\t\tSustainable Tourism Visitor Survey\n\t<\/h2>\n\t\t\t\t<a href=\"https:\/\/www.surveymonkey.com\/r\/Tourisme-durable-Sutton\" target=\"_blank\" rel=\"noopener\"  itemprop=\"url\">\n\t\t\t\t<img loading=\"lazy\" decoding=\"async\" src=\"https:\/\/commercesutton.ca\/wp-content\/uploads\/2024\/12\/Viz_SondageTourismeDurable.jpg\" alt=\"Sustainable tourism survey\" itemprop=\"image\" height=\"788\" width=\"940\" title=\"Viz_SondageTourismeDurable\" onerror=\"this.style.display='none'\"  \/>\n\t\t\t\t<\/a>\n\t\t<h4><a href=\"https:\/\/www.surveymonkey.com\/r\/Tourisme-durable-Sutton\" target=\"_blank\"  rel=\"noopener\">Are you visiting Sutton?<\/a><\/h4><p>If so, you can take part in our visitor survey on sustainable tourism in Sutton!<\/p>\n<ul>\n<li>It takes about 10 minutes of your time<\/li>\n<li>You can win a 500 prize at a Sutton business of your choice (<a href=\"https:\/\/tourismesutton.ca\/wp-content\/uploads\/2024\/11\/CONTEST-RULES-SUSTAINABLE_TOURISM-CDES.pdf\">see all details and conditions<\/a>).<\/li>\n<\/ul>\n\t\t\t<a href=\"https:\/\/www.surveymonkey.com\/r\/Tourisme-durable-Sutton\" target=\"_blank\" rel=\"noopener\">\n\t\t\t\t\t\tTake the survey now!\n\t\t\t\t\t<\/a>\n<h2>\n\t\tA Grant from Destination durable et action concert\u00e9e \n\t<\/h2>\n\t\t\t\t<a href=\"https:\/\/commercesutton.ca\/wp-content\/uploads\/2024\/01\/Communique_FAQDD_2024-01-15.pdf\" target=\"_blank\" rel=\"noopener\"  itemprop=\"url\">\n\t\t\t\t<img loading=\"lazy\" decoding=\"async\" src=\"https:\/\/commercesutton.ca\/wp-content\/uploads\/bb-plugin\/cache\/IMG_2910-scaled-square-bb36f7d0b47f01db8c89584b904697a4-.jpeg\" alt=\"Tourisme durable Sutton projet FAQDD\" itemprop=\"image\" height=\"2069\" width=\"2560\" title=\"IMG_2910\" onerror=\"this.style.display='none'\"  \/>\n\t\t\t\t<\/a>\n\t\t<h4><a href=\"https:\/\/commercesutton.ca\/wp-content\/uploads\/2024\/01\/Communique_FAQDD_2024-01-15.pdf\" target=\"_blank\"  rel=\"noopener\">Project to mobilize the Sutton community for local, sustainable and slow tourism receives a $250,000 grant<\/a><\/h4><p>The Corporation de d\u00e9veloppement \u00e9conomique de Sutton (CDES) was awarded this grant as part of Destination durable et action concert\u00e9e (DDAC), a support measure administered by the Fonds d&#8217;action qu\u00e9b\u00e9cois pour le d\u00e9veloppement durable (FAQDD) as part of the 2030 Plan for a Green Economy and the Responsible &amp; Sustainable Tourism Plan 2020-2025.<\/p>\n\t\t\t<a href=\"https:\/\/commercesutton.ca\/wp-content\/uploads\/2024\/01\/Communique_FAQDD_2024-01-15.pdf\" target=\"_blank\" rel=\"noopener\">\n\t\t\t\t\t\tRead the press release\n\t\t\t\t\t<\/a>\n\n","protected":false},"excerpt":{"rendered":"<p>Mobilizing our community for responsable tourism Concerned about the future &amp; economic vitality of tourism in the face of climate change, as well as the environmental footprint of tourism, the Corporation de d\u00e9veloppement \u00e9conomique de Sutton is motivated to carry out a major mobilization project: Sutton, taking care of our destination together. Why a concerted&hellip;<\/p>\n","protected":false},"author":5,"featured_media":0,"parent":0,"menu_order":0,"comment_status":"closed","ping_status":"closed","template":"","meta":{"footnotes":""},"class_list":["post-2470","page","type-page","status-publish","hentry"],"yoast_head":"<!-- This site is optimized with the Yoast SEO plugin v27.6 - https:\/\/yoast.com\/product\/yoast-seo-wordpress\/ -->\n<title>The Corporation de d\u00e9veloppement \u00e9conomique de Sutton<\/title>\n<meta name=\"description\" content=\"Not-for-profit organization promoting Sutton as a destination and local businesses.\" \/>\n<meta name=\"robots\" content=\"index, follow, max-snippet:-1, max-image-preview:large, max-video-preview:-1\" \/>\n<link rel=\"canonical\" href=\"https:\/\/commercesutton.ca\/en\/sustainable-tourism\/\" \/>\n<meta property=\"og:locale\" content=\"en_US\" \/>\n<meta property=\"og:type\" content=\"article\" \/>\n<meta property=\"og:title\" content=\"The Corporation de d\u00e9veloppement \u00e9conomique de Sutton\" \/>\n<meta property=\"og:description\" content=\"Not-for-profit organization promoting Sutton as a destination and local businesses.\" \/>\n<meta property=\"og:url\" content=\"https:\/\/commercesutton.ca\/en\/sustainable-tourism\/\" \/>\n<meta property=\"og:site_name\" content=\"Commerce Sutton par la Corporation de d\u00e9veloppement \u00e9conomique de Sutton\" \/>\n<meta property=\"article:publisher\" content=\"https:\/\/www.facebook.com\/tourisme.tourism\" \/>\n<meta property=\"article:modified_time\" content=\"2024-12-10T15:38:17+00:00\" \/>\n<meta property=\"og:image\" content=\"https:\/\/commercesutton.ca\/wp-content\/uploads\/2024\/02\/Copie-de-Header-logo-Publication-Facebook-1.jpg\" \/>\n<meta name=\"twitter:card\" content=\"summary_large_image\" \/>\n<meta name=\"twitter:label1\" content=\"Est. reading time\" \/>\n\t<meta name=\"twitter:data1\" content=\"3 minutes\" \/>\n<script type=\"application\/ld+json\" class=\"yoast-schema-graph\">{\"@context\":\"https:\\\/\\\/schema.org\",\"@graph\":[{\"@type\":\"WebPage\",\"@id\":\"https:\\\/\\\/commercesutton.ca\\\/en\\\/sustainable-tourism\\\/\",\"url\":\"https:\\\/\\\/commercesutton.ca\\\/en\\\/sustainable-tourism\\\/\",\"name\":\"The Corporation de d\u00e9veloppement \u00e9conomique de Sutton\",\"isPartOf\":{\"@id\":\"https:\\\/\\\/commercesutton.ca\\\/en\\\/#website\"},\"primaryImageOfPage\":{\"@id\":\"https:\\\/\\\/commercesutton.ca\\\/en\\\/sustainable-tourism\\\/#primaryimage\"},\"image\":{\"@id\":\"https:\\\/\\\/commercesutton.ca\\\/en\\\/sustainable-tourism\\\/#primaryimage\"},\"thumbnailUrl\":\"https:\\\/\\\/commercesutton.ca\\\/wp-content\\\/uploads\\\/2024\\\/02\\\/Copie-de-Header-logo-Publication-Facebook-1.jpg\",\"datePublished\":\"2024-01-18T19:33:08+00:00\",\"dateModified\":\"2024-12-10T15:38:17+00:00\",\"description\":\"Not-for-profit organization promoting Sutton as a destination and local businesses.\",\"breadcrumb\":{\"@id\":\"https:\\\/\\\/commercesutton.ca\\\/en\\\/sustainable-tourism\\\/#breadcrumb\"},\"inLanguage\":\"en-US\",\"potentialAction\":[{\"@type\":\"ReadAction\",\"target\":[\"https:\\\/\\\/commercesutton.ca\\\/en\\\/sustainable-tourism\\\/\"]}]},{\"@type\":\"ImageObject\",\"inLanguage\":\"en-US\",\"@id\":\"https:\\\/\\\/commercesutton.ca\\\/en\\\/sustainable-tourism\\\/#primaryimage\",\"url\":\"https:\\\/\\\/commercesutton.ca\\\/wp-content\\\/uploads\\\/2024\\\/02\\\/Copie-de-Header-logo-Publication-Facebook-1.jpg\",\"contentUrl\":\"https:\\\/\\\/commercesutton.ca\\\/wp-content\\\/uploads\\\/2024\\\/02\\\/Copie-de-Header-logo-Publication-Facebook-1.jpg\"},{\"@type\":\"BreadcrumbList\",\"@id\":\"https:\\\/\\\/commercesutton.ca\\\/en\\\/sustainable-tourism\\\/#breadcrumb\",\"itemListElement\":[{\"@type\":\"ListItem\",\"position\":1,\"name\":\"Home\",\"item\":\"https:\\\/\\\/commercesutton.ca\\\/en\\\/\"},{\"@type\":\"ListItem\",\"position\":2,\"name\":\"Sustainable Tourism\"}]},{\"@type\":\"WebSite\",\"@id\":\"https:\\\/\\\/commercesutton.ca\\\/en\\\/#website\",\"url\":\"https:\\\/\\\/commercesutton.ca\\\/en\\\/\",\"name\":\"Commerce Sutton par la Corporation de d\u00e9veloppement \u00e9conomique de Sutton\",\"description\":\"Trouvez une entreprise pr\u00e8s de Sutton\",\"potentialAction\":[{\"@type\":\"SearchAction\",\"target\":{\"@type\":\"EntryPoint\",\"urlTemplate\":\"https:\\\/\\\/commercesutton.ca\\\/en\\\/?s={search_term_string}\"},\"query-input\":{\"@type\":\"PropertyValueSpecification\",\"valueRequired\":true,\"valueName\":\"search_term_string\"}}],\"inLanguage\":\"en-US\"}]}<\/script>\n<!-- \/ Yoast SEO plugin. -->","yoast_head_json":{"title":"The Corporation de d\u00e9veloppement \u00e9conomique de Sutton","description":"Not-for-profit organization promoting Sutton as a destination and local businesses.","robots":{"index":"index","follow":"follow","max-snippet":"max-snippet:-1","max-image-preview":"max-image-preview:large","max-video-preview":"max-video-preview:-1"},"canonical":"https:\/\/commercesutton.ca\/en\/sustainable-tourism\/","og_locale":"en_US","og_type":"article","og_title":"The Corporation de d\u00e9veloppement \u00e9conomique de Sutton","og_description":"Not-for-profit organization promoting Sutton as a destination and local businesses.","og_url":"https:\/\/commercesutton.ca\/en\/sustainable-tourism\/","og_site_name":"Commerce Sutton par la Corporation de d\u00e9veloppement \u00e9conomique de Sutton","article_publisher":"https:\/\/www.facebook.com\/tourisme.tourism","article_modified_time":"2024-12-10T15:38:17+00:00","og_image":[{"url":"https:\/\/commercesutton.ca\/wp-content\/uploads\/2024\/02\/Copie-de-Header-logo-Publication-Facebook-1.jpg","type":"","width":"","height":""}],"twitter_card":"summary_large_image","twitter_misc":{"Est. reading time":"3 minutes"},"schema":{"@context":"https:\/\/schema.org","@graph":[{"@type":"WebPage","@id":"https:\/\/commercesutton.ca\/en\/sustainable-tourism\/","url":"https:\/\/commercesutton.ca\/en\/sustainable-tourism\/","name":"The Corporation de d\u00e9veloppement \u00e9conomique de Sutton","isPartOf":{"@id":"https:\/\/commercesutton.ca\/en\/#website"},"primaryImageOfPage":{"@id":"https:\/\/commercesutton.ca\/en\/sustainable-tourism\/#primaryimage"},"image":{"@id":"https:\/\/commercesutton.ca\/en\/sustainable-tourism\/#primaryimage"},"thumbnailUrl":"https:\/\/commercesutton.ca\/wp-content\/uploads\/2024\/02\/Copie-de-Header-logo-Publication-Facebook-1.jpg","datePublished":"2024-01-18T19:33:08+00:00","dateModified":"2024-12-10T15:38:17+00:00","description":"Not-for-profit organization promoting Sutton as a destination and local businesses.","breadcrumb":{"@id":"https:\/\/commercesutton.ca\/en\/sustainable-tourism\/#breadcrumb"},"inLanguage":"en-US","potentialAction":[{"@type":"ReadAction","target":["https:\/\/commercesutton.ca\/en\/sustainable-tourism\/"]}]},{"@type":"ImageObject","inLanguage":"en-US","@id":"https:\/\/commercesutton.ca\/en\/sustainable-tourism\/#primaryimage","url":"https:\/\/commercesutton.ca\/wp-content\/uploads\/2024\/02\/Copie-de-Header-logo-Publication-Facebook-1.jpg","contentUrl":"https:\/\/commercesutton.ca\/wp-content\/uploads\/2024\/02\/Copie-de-Header-logo-Publication-Facebook-1.jpg"},{"@type":"BreadcrumbList","@id":"https:\/\/commercesutton.ca\/en\/sustainable-tourism\/#breadcrumb","itemListElement":[{"@type":"ListItem","position":1,"name":"Home","item":"https:\/\/commercesutton.ca\/en\/"},{"@type":"ListItem","position":2,"name":"Sustainable Tourism"}]},{"@type":"WebSite","@id":"https:\/\/commercesutton.ca\/en\/#website","url":"https:\/\/commercesutton.ca\/en\/","name":"Commerce Sutton par la Corporation de d\u00e9veloppement \u00e9conomique de Sutton","description":"Trouvez une entreprise pr\u00e8s de Sutton","potentialAction":[{"@type":"SearchAction","target":{"@type":"EntryPoint","urlTemplate":"https:\/\/commercesutton.ca\/en\/?s={search_term_string}"},"query-input":{"@type":"PropertyValueSpecification","valueRequired":true,"valueName":"search_term_string"}}],"inLanguage":"en-US"}]}},"_links":{"self":[{"href":"https:\/\/commercesutton.ca\/en\/wp-json\/wp\/v2\/pages\/2470","targetHints":{"allow":["GET"]}}],"collection":[{"href":"https:\/\/commercesutton.ca\/en\/wp-json\/wp\/v2\/pages"}],"about":[{"href":"https:\/\/commercesutton.ca\/en\/wp-json\/wp\/v2\/types\/page"}],"author":[{"embeddable":true,"href":"https:\/\/commercesutton.ca\/en\/wp-json\/wp\/v2\/users\/5"}],"replies":[{"embeddable":true,"href":"https:\/\/commercesutton.ca\/en\/wp-json\/wp\/v2\/comments?post=2470"}],"version-history":[{"count":11,"href":"https:\/\/commercesutton.ca\/en\/wp-json\/wp\/v2\/pages\/2470\/revisions"}],"predecessor-version":[{"id":2671,"href":"https:\/\/commercesutton.ca\/en\/wp-json\/wp\/v2\/pages\/2470\/revisions\/2671"}],"wp:attachment":[{"href":"https:\/\/commercesutton.ca\/en\/wp-json\/wp\/v2\/media?parent=2470"}],"curies":[{"name":"wp","href":"https:\/\/api.w.org\/{rel}","templated":true}]}}