{"id":2421,"date":"2023-11-16T11:58:11","date_gmt":"2023-11-16T16:58:11","guid":{"rendered":"https:\/\/commercesutton.ca\/?page_id=2421"},"modified":"2023-11-16T11:58:11","modified_gmt":"2023-11-16T16:58:11","slug":"privacy-policy","status":"publish","type":"page","link":"https:\/\/commercesutton.ca\/en\/privacy-policy\/","title":{"rendered":"Privacy policy"},"content":{"rendered":"\n<h2 class=\"wp-block-heading\">Contact information for the Privacy Officer<\/h2>\n\n\n\n<p>If you have any questions or concerns about the processing or updating of your personal information, please contact us, by e-mail at h.vanha@tourismesutton.ca or by telephone at 1 450 538-8455.<\/p>\n\n\n\n<p>The Privacy Officer will contact you within 30 days of receiving your e-mail.<\/p>\n\n\n\n<h2 class=\"wp-block-heading\">Sharing your personal information<\/h2>\n\n\n\n<p>In order to provide you with the products and services you have requested, we may transmit your personal information to trusted third parties, in particular Google Analytics.<\/p>\n\n\n\n<h2 class=\"wp-block-heading\">Links to other websites<\/h2>\n\n\n\n<p>From time to time, our Web site may provide hyperlinks to other sites.<\/p>\n\n\n\n<p>Information exchanged on these sites is not subject to this Privacy Policy, but to those of the external sites concerned, if any.<\/p>\n\n\n\n<p>In such cases, we invite you to consult them before disclosing your personal information.<\/p>\n\n\n\n<h2 class=\"wp-block-heading\">Retention periods<\/h2>\n\n\n\n<p>Your personal information will be kept only for the time necessary to fulfil the purposes for which it was collected, unless a longer retention period is required or permitted by law.<\/p>\n\n\n\n<h2 class=\"wp-block-heading\">Access to your personal information<\/h2>\n\n\n\n<p>Once you have been properly identified, you may request access to the personal information we hold about you, as permitted or required by law. In some cases, a written request from you may be required.<\/p>\n\n\n\n<h2 class=\"wp-block-heading\">Accuracy and modification of your personal information<\/h2>\n\n\n\n<p>If there are any changes to be made to your personal information, it is preferable to contact us promptly by telephone or e-mail in order to keep your file and our databases up to date. <\/p>\n\n\n\n<p><\/p>\n\n\n\n<p>Date of last update: November 16, 2023<\/p>\n","protected":false},"excerpt":{"rendered":"<p>Contact information for the Privacy Officer If you have any questions or concerns about the processing or updating of your personal information, please contact us, by e-mail at h.vanha@tourismesutton.ca or by telephone at 1 450 538-8455. The Privacy Officer will contact you within 30 days of receiving your e-mail. Sharing your personal information In order&hellip;<\/p>\n","protected":false},"author":5,"featured_media":0,"parent":0,"menu_order":0,"comment_status":"closed","ping_status":"closed","template":"","meta":{"footnotes":""},"class_list":["post-2421","page","type-page","status-publish","hentry"],"yoast_head":"<!-- This site is optimized with the Yoast SEO plugin v27.6 - https:\/\/yoast.com\/product\/yoast-seo-wordpress\/ -->\n<title>Privacy policy - Commerce Sutton par la Corporation de d\u00e9veloppement \u00e9conomique de Sutton<\/title>\n<meta name=\"robots\" content=\"index, follow, max-snippet:-1, max-image-preview:large, max-video-preview:-1\" \/>\n<link rel=\"canonical\" href=\"https:\/\/commercesutton.ca\/en\/privacy-policy\/\" \/>\n<meta property=\"og:locale\" content=\"en_US\" \/>\n<meta property=\"og:type\" content=\"article\" \/>\n<meta property=\"og:title\" content=\"Privacy policy - Commerce Sutton par la Corporation de d\u00e9veloppement \u00e9conomique de Sutton\" \/>\n<meta property=\"og:description\" content=\"Contact information for the Privacy Officer If you have any questions or concerns about the processing or updating of your personal information, please contact us, by e-mail at h.vanha@tourismesutton.ca or by telephone at 1 450 538-8455. The Privacy Officer will contact you within 30 days of receiving your e-mail. Sharing your personal information In order&hellip;\" \/>\n<meta property=\"og:url\" content=\"https:\/\/commercesutton.ca\/en\/privacy-policy\/\" \/>\n<meta property=\"og:site_name\" content=\"Commerce Sutton par la Corporation de d\u00e9veloppement \u00e9conomique de Sutton\" \/>\n<meta property=\"article:publisher\" content=\"https:\/\/www.facebook.com\/tourisme.tourism\" \/>\n<meta property=\"og:image\" content=\"https:\/\/commercesutton.ca\/wp-content\/uploads\/2016\/07\/Facebookv2.png\" \/>\n\t<meta property=\"og:image:width\" content=\"1200\" \/>\n\t<meta property=\"og:image:height\" content=\"630\" \/>\n\t<meta property=\"og:image:type\" content=\"image\/png\" \/>\n<meta name=\"twitter:card\" content=\"summary_large_image\" \/>\n<meta name=\"twitter:label1\" content=\"Est. reading time\" \/>\n\t<meta name=\"twitter:data1\" content=\"2 minutes\" \/>\n<script type=\"application\/ld+json\" class=\"yoast-schema-graph\">{\"@context\":\"https:\\\/\\\/schema.org\",\"@graph\":[{\"@type\":\"WebPage\",\"@id\":\"https:\\\/\\\/commercesutton.ca\\\/en\\\/privacy-policy\\\/\",\"url\":\"https:\\\/\\\/commercesutton.ca\\\/en\\\/privacy-policy\\\/\",\"name\":\"Privacy policy - Commerce Sutton par la Corporation de d\u00e9veloppement \u00e9conomique de Sutton\",\"isPartOf\":{\"@id\":\"https:\\\/\\\/commercesutton.ca\\\/en\\\/#website\"},\"datePublished\":\"2023-11-16T16:58:11+00:00\",\"breadcrumb\":{\"@id\":\"https:\\\/\\\/commercesutton.ca\\\/en\\\/privacy-policy\\\/#breadcrumb\"},\"inLanguage\":\"en-US\",\"potentialAction\":[{\"@type\":\"ReadAction\",\"target\":[\"https:\\\/\\\/commercesutton.ca\\\/en\\\/privacy-policy\\\/\"]}]},{\"@type\":\"BreadcrumbList\",\"@id\":\"https:\\\/\\\/commercesutton.ca\\\/en\\\/privacy-policy\\\/#breadcrumb\",\"itemListElement\":[{\"@type\":\"ListItem\",\"position\":1,\"name\":\"Home\",\"item\":\"https:\\\/\\\/commercesutton.ca\\\/en\\\/\"},{\"@type\":\"ListItem\",\"position\":2,\"name\":\"Privacy policy\"}]},{\"@type\":\"WebSite\",\"@id\":\"https:\\\/\\\/commercesutton.ca\\\/en\\\/#website\",\"url\":\"https:\\\/\\\/commercesutton.ca\\\/en\\\/\",\"name\":\"Commerce Sutton par la Corporation de d\u00e9veloppement \u00e9conomique de Sutton\",\"description\":\"Trouvez une entreprise pr\u00e8s de Sutton\",\"potentialAction\":[{\"@type\":\"SearchAction\",\"target\":{\"@type\":\"EntryPoint\",\"urlTemplate\":\"https:\\\/\\\/commercesutton.ca\\\/en\\\/?s={search_term_string}\"},\"query-input\":{\"@type\":\"PropertyValueSpecification\",\"valueRequired\":true,\"valueName\":\"search_term_string\"}}],\"inLanguage\":\"en-US\"}]}<\/script>\n<!-- \/ Yoast SEO plugin. -->","yoast_head_json":{"title":"Privacy policy - Commerce Sutton par la Corporation de d\u00e9veloppement \u00e9conomique de Sutton","robots":{"index":"index","follow":"follow","max-snippet":"max-snippet:-1","max-image-preview":"max-image-preview:large","max-video-preview":"max-video-preview:-1"},"canonical":"https:\/\/commercesutton.ca\/en\/privacy-policy\/","og_locale":"en_US","og_type":"article","og_title":"Privacy policy - Commerce Sutton par la Corporation de d\u00e9veloppement \u00e9conomique de Sutton","og_description":"Contact information for the Privacy Officer If you have any questions or concerns about the processing or updating of your personal information, please contact us, by e-mail at h.vanha@tourismesutton.ca or by telephone at 1 450 538-8455. The Privacy Officer will contact you within 30 days of receiving your e-mail. Sharing your personal information In order&hellip;","og_url":"https:\/\/commercesutton.ca\/en\/privacy-policy\/","og_site_name":"Commerce Sutton par la Corporation de d\u00e9veloppement \u00e9conomique de Sutton","article_publisher":"https:\/\/www.facebook.com\/tourisme.tourism","og_image":[{"width":1200,"height":630,"url":"https:\/\/commercesutton.ca\/wp-content\/uploads\/2016\/07\/Facebookv2.png","type":"image\/png"}],"twitter_card":"summary_large_image","twitter_misc":{"Est. reading time":"2 minutes"},"schema":{"@context":"https:\/\/schema.org","@graph":[{"@type":"WebPage","@id":"https:\/\/commercesutton.ca\/en\/privacy-policy\/","url":"https:\/\/commercesutton.ca\/en\/privacy-policy\/","name":"Privacy policy - Commerce Sutton par la Corporation de d\u00e9veloppement \u00e9conomique de Sutton","isPartOf":{"@id":"https:\/\/commercesutton.ca\/en\/#website"},"datePublished":"2023-11-16T16:58:11+00:00","breadcrumb":{"@id":"https:\/\/commercesutton.ca\/en\/privacy-policy\/#breadcrumb"},"inLanguage":"en-US","potentialAction":[{"@type":"ReadAction","target":["https:\/\/commercesutton.ca\/en\/privacy-policy\/"]}]},{"@type":"BreadcrumbList","@id":"https:\/\/commercesutton.ca\/en\/privacy-policy\/#breadcrumb","itemListElement":[{"@type":"ListItem","position":1,"name":"Home","item":"https:\/\/commercesutton.ca\/en\/"},{"@type":"ListItem","position":2,"name":"Privacy policy"}]},{"@type":"WebSite","@id":"https:\/\/commercesutton.ca\/en\/#website","url":"https:\/\/commercesutton.ca\/en\/","name":"Commerce Sutton par la Corporation de d\u00e9veloppement \u00e9conomique de Sutton","description":"Trouvez une entreprise pr\u00e8s de Sutton","potentialAction":[{"@type":"SearchAction","target":{"@type":"EntryPoint","urlTemplate":"https:\/\/commercesutton.ca\/en\/?s={search_term_string}"},"query-input":{"@type":"PropertyValueSpecification","valueRequired":true,"valueName":"search_term_string"}}],"inLanguage":"en-US"}]}},"_links":{"self":[{"href":"https:\/\/commercesutton.ca\/en\/wp-json\/wp\/v2\/pages\/2421","targetHints":{"allow":["GET"]}}],"collection":[{"href":"https:\/\/commercesutton.ca\/en\/wp-json\/wp\/v2\/pages"}],"about":[{"href":"https:\/\/commercesutton.ca\/en\/wp-json\/wp\/v2\/types\/page"}],"author":[{"embeddable":true,"href":"https:\/\/commercesutton.ca\/en\/wp-json\/wp\/v2\/users\/5"}],"replies":[{"embeddable":true,"href":"https:\/\/commercesutton.ca\/en\/wp-json\/wp\/v2\/comments?post=2421"}],"version-history":[{"count":1,"href":"https:\/\/commercesutton.ca\/en\/wp-json\/wp\/v2\/pages\/2421\/revisions"}],"predecessor-version":[{"id":2422,"href":"https:\/\/commercesutton.ca\/en\/wp-json\/wp\/v2\/pages\/2421\/revisions\/2422"}],"wp:attachment":[{"href":"https:\/\/commercesutton.ca\/en\/wp-json\/wp\/v2\/media?parent=2421"}],"curies":[{"name":"wp","href":"https:\/\/api.w.org\/{rel}","templated":true}]}}