{"id":132,"date":"2016-04-27T10:11:24","date_gmt":"2016-04-27T15:11:24","guid":{"rendered":"http:\/\/staging.infosutton.com.192.168.50.100.xip.io\/?page_id=132&#038;lang=en"},"modified":"2025-10-22T12:17:56","modified_gmt":"2025-10-22T16:17:56","slug":"contact","status":"publish","type":"page","link":"https:\/\/commercesutton.ca\/en\/contact\/","title":{"rendered":"Contact"},"content":{"rendered":"\n<h1>\n\t\t\tSutton Economic Development Corporation\t<\/h1>\n<h3>\n\t\t\tOffice hours\t<\/h3>\n\t<p>10 am &#8211; 4 pm: Every day, Sunday to Saturday<\/p>\n<h2>\n\t\t\tContact us\t<\/h2>\n\t<iframe src=\"https:\/\/www.google.com\/maps\/embed\/v1\/place?q=Corporation+de+d%C3%A9veloppement+%C3%A9conomique+de+Sutton&#038;key=AIzaSyD09zQ9PNDNNy9TadMuzRV_UsPUoWKntt8\" aria-hidden=\"true\"><\/iframe>\n\n","protected":false},"excerpt":{"rendered":"<p>Sutton Economic Development Corporation Office hours 10 am &#8211; 4 pm: Every day, Sunday to Saturday Contact us<\/p>\n","protected":false},"author":5,"featured_media":0,"parent":0,"menu_order":0,"comment_status":"closed","ping_status":"closed","template":"","meta":{"footnotes":""},"class_list":["post-132","page","type-page","status-publish","hentry"],"yoast_head":"<!-- This site is optimized with the Yoast SEO plugin v27.4 - https:\/\/yoast.com\/product\/yoast-seo-wordpress\/ -->\n<title>Contact the Sutton Economic Development Corporation<\/title>\n<meta name=\"description\" content=\"Contact us for more information about Sutton&#039;s businesses and economic activities. You can also visit our tourism site at https:\/\/suttontourism.ca\/\" \/>\n<meta name=\"robots\" content=\"index, follow, max-snippet:-1, max-image-preview:large, max-video-preview:-1\" \/>\n<link rel=\"canonical\" href=\"https:\/\/commercesutton.ca\/en\/contact\/\" \/>\n<meta property=\"og:locale\" content=\"en_US\" \/>\n<meta property=\"og:type\" content=\"article\" \/>\n<meta property=\"og:title\" content=\"Contact the Sutton Economic Development Corporation\" \/>\n<meta property=\"og:description\" content=\"Contact us for more information about Sutton&#039;s businesses and economic activities. You can also visit our tourism site at https:\/\/suttontourism.ca\/\" \/>\n<meta property=\"og:url\" content=\"https:\/\/commercesutton.ca\/en\/contact\/\" \/>\n<meta property=\"og:site_name\" content=\"Commerce Sutton par la Corporation de d\u00e9veloppement \u00e9conomique de Sutton\" \/>\n<meta property=\"article:publisher\" content=\"https:\/\/www.facebook.com\/tourisme.tourism\" \/>\n<meta property=\"article:modified_time\" content=\"2025-10-22T16:17:56+00:00\" \/>\n<meta property=\"og:image\" content=\"https:\/\/commercesutton.ca\/wp-content\/uploads\/2016\/07\/Facebookv2.png\" \/>\n\t<meta property=\"og:image:width\" content=\"1200\" \/>\n\t<meta property=\"og:image:height\" content=\"630\" \/>\n\t<meta property=\"og:image:type\" content=\"image\/png\" \/>\n<meta name=\"twitter:card\" content=\"summary_large_image\" \/>\n<script type=\"application\/ld+json\" class=\"yoast-schema-graph\">{\"@context\":\"https:\\\/\\\/schema.org\",\"@graph\":[{\"@type\":\"WebPage\",\"@id\":\"https:\\\/\\\/commercesutton.ca\\\/en\\\/contact\\\/\",\"url\":\"https:\\\/\\\/commercesutton.ca\\\/en\\\/contact\\\/\",\"name\":\"Contact the Sutton Economic Development Corporation\",\"isPartOf\":{\"@id\":\"https:\\\/\\\/commercesutton.ca\\\/en\\\/#website\"},\"datePublished\":\"2016-04-27T15:11:24+00:00\",\"dateModified\":\"2025-10-22T16:17:56+00:00\",\"description\":\"Contact us for more information about Sutton's businesses and economic activities. You can also visit our tourism site at https:\\\/\\\/suttontourism.ca\\\/\",\"breadcrumb\":{\"@id\":\"https:\\\/\\\/commercesutton.ca\\\/en\\\/contact\\\/#breadcrumb\"},\"inLanguage\":\"en-US\",\"potentialAction\":[{\"@type\":\"ReadAction\",\"target\":[\"https:\\\/\\\/commercesutton.ca\\\/en\\\/contact\\\/\"]}]},{\"@type\":\"BreadcrumbList\",\"@id\":\"https:\\\/\\\/commercesutton.ca\\\/en\\\/contact\\\/#breadcrumb\",\"itemListElement\":[{\"@type\":\"ListItem\",\"position\":1,\"name\":\"Home\",\"item\":\"https:\\\/\\\/commercesutton.ca\\\/en\\\/\"},{\"@type\":\"ListItem\",\"position\":2,\"name\":\"Contact\"}]},{\"@type\":\"WebSite\",\"@id\":\"https:\\\/\\\/commercesutton.ca\\\/en\\\/#website\",\"url\":\"https:\\\/\\\/commercesutton.ca\\\/en\\\/\",\"name\":\"Commerce Sutton par la Corporation de d\u00e9veloppement \u00e9conomique de Sutton\",\"description\":\"Trouvez une entreprise pr\u00e8s de Sutton\",\"potentialAction\":[{\"@type\":\"SearchAction\",\"target\":{\"@type\":\"EntryPoint\",\"urlTemplate\":\"https:\\\/\\\/commercesutton.ca\\\/en\\\/?s={search_term_string}\"},\"query-input\":{\"@type\":\"PropertyValueSpecification\",\"valueRequired\":true,\"valueName\":\"search_term_string\"}}],\"inLanguage\":\"en-US\"}]}<\/script>\n<!-- \/ Yoast SEO plugin. -->","yoast_head_json":{"title":"Contact the Sutton Economic Development Corporation","description":"Contact us for more information about Sutton's businesses and economic activities. You can also visit our tourism site at https:\/\/suttontourism.ca\/","robots":{"index":"index","follow":"follow","max-snippet":"max-snippet:-1","max-image-preview":"max-image-preview:large","max-video-preview":"max-video-preview:-1"},"canonical":"https:\/\/commercesutton.ca\/en\/contact\/","og_locale":"en_US","og_type":"article","og_title":"Contact the Sutton Economic Development Corporation","og_description":"Contact us for more information about Sutton's businesses and economic activities. You can also visit our tourism site at https:\/\/suttontourism.ca\/","og_url":"https:\/\/commercesutton.ca\/en\/contact\/","og_site_name":"Commerce Sutton par la Corporation de d\u00e9veloppement \u00e9conomique de Sutton","article_publisher":"https:\/\/www.facebook.com\/tourisme.tourism","article_modified_time":"2025-10-22T16:17:56+00:00","og_image":[{"width":1200,"height":630,"url":"https:\/\/commercesutton.ca\/wp-content\/uploads\/2016\/07\/Facebookv2.png","type":"image\/png"}],"twitter_card":"summary_large_image","schema":{"@context":"https:\/\/schema.org","@graph":[{"@type":"WebPage","@id":"https:\/\/commercesutton.ca\/en\/contact\/","url":"https:\/\/commercesutton.ca\/en\/contact\/","name":"Contact the Sutton Economic Development Corporation","isPartOf":{"@id":"https:\/\/commercesutton.ca\/en\/#website"},"datePublished":"2016-04-27T15:11:24+00:00","dateModified":"2025-10-22T16:17:56+00:00","description":"Contact us for more information about Sutton's businesses and economic activities. You can also visit our tourism site at https:\/\/suttontourism.ca\/","breadcrumb":{"@id":"https:\/\/commercesutton.ca\/en\/contact\/#breadcrumb"},"inLanguage":"en-US","potentialAction":[{"@type":"ReadAction","target":["https:\/\/commercesutton.ca\/en\/contact\/"]}]},{"@type":"BreadcrumbList","@id":"https:\/\/commercesutton.ca\/en\/contact\/#breadcrumb","itemListElement":[{"@type":"ListItem","position":1,"name":"Home","item":"https:\/\/commercesutton.ca\/en\/"},{"@type":"ListItem","position":2,"name":"Contact"}]},{"@type":"WebSite","@id":"https:\/\/commercesutton.ca\/en\/#website","url":"https:\/\/commercesutton.ca\/en\/","name":"Commerce Sutton par la Corporation de d\u00e9veloppement \u00e9conomique de Sutton","description":"Trouvez une entreprise pr\u00e8s de Sutton","potentialAction":[{"@type":"SearchAction","target":{"@type":"EntryPoint","urlTemplate":"https:\/\/commercesutton.ca\/en\/?s={search_term_string}"},"query-input":{"@type":"PropertyValueSpecification","valueRequired":true,"valueName":"search_term_string"}}],"inLanguage":"en-US"}]}},"_links":{"self":[{"href":"https:\/\/commercesutton.ca\/en\/wp-json\/wp\/v2\/pages\/132","targetHints":{"allow":["GET"]}}],"collection":[{"href":"https:\/\/commercesutton.ca\/en\/wp-json\/wp\/v2\/pages"}],"about":[{"href":"https:\/\/commercesutton.ca\/en\/wp-json\/wp\/v2\/types\/page"}],"author":[{"embeddable":true,"href":"https:\/\/commercesutton.ca\/en\/wp-json\/wp\/v2\/users\/5"}],"replies":[{"embeddable":true,"href":"https:\/\/commercesutton.ca\/en\/wp-json\/wp\/v2\/comments?post=132"}],"version-history":[{"count":38,"href":"https:\/\/commercesutton.ca\/en\/wp-json\/wp\/v2\/pages\/132\/revisions"}],"predecessor-version":[{"id":2839,"href":"https:\/\/commercesutton.ca\/en\/wp-json\/wp\/v2\/pages\/132\/revisions\/2839"}],"wp:attachment":[{"href":"https:\/\/commercesutton.ca\/en\/wp-json\/wp\/v2\/media?parent=132"}],"curies":[{"name":"wp","href":"https:\/\/api.w.org\/{rel}","templated":true}]}}