{"id":131,"date":"2016-04-27T10:11:17","date_gmt":"2016-04-27T15:11:17","guid":{"rendered":"http:\/\/staging.infosutton.com.192.168.50.100.xip.io\/?page_id=131&#038;lang=en"},"modified":"2025-07-04T15:23:23","modified_gmt":"2025-07-04T19:23:23","slug":"about","status":"publish","type":"page","link":"https:\/\/commercesutton.ca\/en\/about\/","title":{"rendered":"About"},"content":{"rendered":"\n<h1>\n\t\t\tThe Corporation de d\u00e9veloppement \u00e9conomique de Sutton\t<\/h1>\n<h2>\n\t\t\tOur Mission\t<\/h2>\n\t<p>Stimulate Sutton&#8217;s sustainable economy by way of attracting tourists and commercial and cultural development.<\/p>\n<h2>\n\t\t\tBoard of Directors\t<\/h2>\n\t<p>Eleven (11) members from different sectors serve on the Board. They are elected at the Annual General Meeting for a two-year term :<\/p>\n<ul>\n<li><strong>C\u00e9line Charbonneau<\/strong>, Real Estate Broker Groupe Sutton,<em> President<\/em><\/li>\n<li><strong>Lou-Anne, Daoust-Filiatrault<\/strong>, Luloba C\u00e9ramiques, <em>Vice-President<\/em><\/li>\n<li><strong>Lydia Phelps, <\/strong>Mont Sutton,\u00a0<em>Treasurer<\/em><\/li>\n<li>Vacant seat,<em>\u00a0ex-officio<\/em><\/li>\n<li><strong>Alissia\u00a0Rousset<\/strong>, H\u00f4tel Horizon \/ Huttopia<\/li>\n<li><strong>Steffany Grew<\/strong>, Ch\u00e2teau Ste-Agn\u00e8s<\/li>\n<li><strong>Anna Vanha<\/strong>, CEDEC<\/li>\n<li><strong>Jean Godin<\/strong>, Clinique m\u00e9dicale Le Villageois<\/li>\n<li><strong>Nathalie Doucet<\/strong>, Ferme Sugaree<\/li>\n<li><strong>Jessica St-Pierre<\/strong>, Goutti\u00e8re Belle Vue<\/li>\n<li><strong>Robert Benoit<\/strong>, Town of Sutton, Mayor<\/li>\n<li>Vacant seat, Town of Sutton<\/li>\n<li><strong>Heidi Vanha<\/strong>, CD\u00c9S<\/li>\n<\/ul>\n\n","protected":false},"excerpt":{"rendered":"<p>The Corporation de d\u00e9veloppement \u00e9conomique de Sutton Our Mission Stimulate Sutton&#8217;s sustainable economy by way of attracting tourists and commercial and cultural development. Board of Directors Eleven (11) members from different sectors serve on the Board. They are elected at the Annual General Meeting for a two-year term : C\u00e9line Charbonneau, Real Estate Broker Groupe&hellip;<\/p>\n","protected":false},"author":5,"featured_media":0,"parent":0,"menu_order":0,"comment_status":"closed","ping_status":"closed","template":"","meta":{"footnotes":""},"class_list":["post-131","page","type-page","status-publish","hentry"],"yoast_head":"<!-- This site is optimized with the Yoast SEO plugin v27.4 - https:\/\/yoast.com\/product\/yoast-seo-wordpress\/ -->\n<title>Sutton&#039;s Economic Development Corporation<\/title>\n<meta name=\"description\" content=\"Non-profit organization that oversees the promotion of Sutton destination and of Sutton&#039;s businesses.\" \/>\n<meta name=\"robots\" content=\"index, follow, max-snippet:-1, max-image-preview:large, max-video-preview:-1\" \/>\n<link rel=\"canonical\" href=\"https:\/\/commercesutton.ca\/en\/about\/\" \/>\n<meta property=\"og:locale\" content=\"en_US\" \/>\n<meta property=\"og:type\" content=\"article\" \/>\n<meta property=\"og:title\" content=\"Sutton&#039;s Economic Development Corporation\" \/>\n<meta property=\"og:description\" content=\"Non-profit organization that oversees the promotion of Sutton destination and of Sutton&#039;s businesses.\" \/>\n<meta property=\"og:url\" content=\"https:\/\/commercesutton.ca\/en\/about\/\" \/>\n<meta property=\"og:site_name\" content=\"Commerce Sutton par la Corporation de d\u00e9veloppement \u00e9conomique de Sutton\" \/>\n<meta property=\"article:publisher\" content=\"https:\/\/www.facebook.com\/tourisme.tourism\" \/>\n<meta property=\"article:modified_time\" content=\"2025-07-04T19:23:23+00:00\" \/>\n<meta property=\"og:image\" content=\"https:\/\/commercesutton.ca\/wp-content\/uploads\/2016\/07\/Facebookv2.png\" \/>\n\t<meta property=\"og:image:width\" content=\"1200\" \/>\n\t<meta property=\"og:image:height\" content=\"630\" \/>\n\t<meta property=\"og:image:type\" content=\"image\/png\" \/>\n<meta name=\"twitter:card\" content=\"summary_large_image\" \/>\n<meta name=\"twitter:label1\" content=\"Est. reading time\" \/>\n\t<meta name=\"twitter:data1\" content=\"1 minute\" \/>\n<script type=\"application\/ld+json\" class=\"yoast-schema-graph\">{\"@context\":\"https:\\\/\\\/schema.org\",\"@graph\":[{\"@type\":\"WebPage\",\"@id\":\"https:\\\/\\\/commercesutton.ca\\\/en\\\/about\\\/\",\"url\":\"https:\\\/\\\/commercesutton.ca\\\/en\\\/about\\\/\",\"name\":\"Sutton's Economic Development Corporation\",\"isPartOf\":{\"@id\":\"https:\\\/\\\/commercesutton.ca\\\/en\\\/#website\"},\"datePublished\":\"2016-04-27T15:11:17+00:00\",\"dateModified\":\"2025-07-04T19:23:23+00:00\",\"description\":\"Non-profit organization that oversees the promotion of Sutton destination and of Sutton's businesses.\",\"breadcrumb\":{\"@id\":\"https:\\\/\\\/commercesutton.ca\\\/en\\\/about\\\/#breadcrumb\"},\"inLanguage\":\"en-US\",\"potentialAction\":[{\"@type\":\"ReadAction\",\"target\":[\"https:\\\/\\\/commercesutton.ca\\\/en\\\/about\\\/\"]}]},{\"@type\":\"BreadcrumbList\",\"@id\":\"https:\\\/\\\/commercesutton.ca\\\/en\\\/about\\\/#breadcrumb\",\"itemListElement\":[{\"@type\":\"ListItem\",\"position\":1,\"name\":\"Home\",\"item\":\"https:\\\/\\\/commercesutton.ca\\\/en\\\/\"},{\"@type\":\"ListItem\",\"position\":2,\"name\":\"About\"}]},{\"@type\":\"WebSite\",\"@id\":\"https:\\\/\\\/commercesutton.ca\\\/en\\\/#website\",\"url\":\"https:\\\/\\\/commercesutton.ca\\\/en\\\/\",\"name\":\"Commerce Sutton par la Corporation de d\u00e9veloppement \u00e9conomique de Sutton\",\"description\":\"Trouvez une entreprise pr\u00e8s de Sutton\",\"potentialAction\":[{\"@type\":\"SearchAction\",\"target\":{\"@type\":\"EntryPoint\",\"urlTemplate\":\"https:\\\/\\\/commercesutton.ca\\\/en\\\/?s={search_term_string}\"},\"query-input\":{\"@type\":\"PropertyValueSpecification\",\"valueRequired\":true,\"valueName\":\"search_term_string\"}}],\"inLanguage\":\"en-US\"}]}<\/script>\n<!-- \/ Yoast SEO plugin. -->","yoast_head_json":{"title":"Sutton's Economic Development Corporation","description":"Non-profit organization that oversees the promotion of Sutton destination and of Sutton's businesses.","robots":{"index":"index","follow":"follow","max-snippet":"max-snippet:-1","max-image-preview":"max-image-preview:large","max-video-preview":"max-video-preview:-1"},"canonical":"https:\/\/commercesutton.ca\/en\/about\/","og_locale":"en_US","og_type":"article","og_title":"Sutton's Economic Development Corporation","og_description":"Non-profit organization that oversees the promotion of Sutton destination and of Sutton's businesses.","og_url":"https:\/\/commercesutton.ca\/en\/about\/","og_site_name":"Commerce Sutton par la Corporation de d\u00e9veloppement \u00e9conomique de Sutton","article_publisher":"https:\/\/www.facebook.com\/tourisme.tourism","article_modified_time":"2025-07-04T19:23:23+00:00","og_image":[{"width":1200,"height":630,"url":"https:\/\/commercesutton.ca\/wp-content\/uploads\/2016\/07\/Facebookv2.png","type":"image\/png"}],"twitter_card":"summary_large_image","twitter_misc":{"Est. reading time":"1 minute"},"schema":{"@context":"https:\/\/schema.org","@graph":[{"@type":"WebPage","@id":"https:\/\/commercesutton.ca\/en\/about\/","url":"https:\/\/commercesutton.ca\/en\/about\/","name":"Sutton's Economic Development Corporation","isPartOf":{"@id":"https:\/\/commercesutton.ca\/en\/#website"},"datePublished":"2016-04-27T15:11:17+00:00","dateModified":"2025-07-04T19:23:23+00:00","description":"Non-profit organization that oversees the promotion of Sutton destination and of Sutton's businesses.","breadcrumb":{"@id":"https:\/\/commercesutton.ca\/en\/about\/#breadcrumb"},"inLanguage":"en-US","potentialAction":[{"@type":"ReadAction","target":["https:\/\/commercesutton.ca\/en\/about\/"]}]},{"@type":"BreadcrumbList","@id":"https:\/\/commercesutton.ca\/en\/about\/#breadcrumb","itemListElement":[{"@type":"ListItem","position":1,"name":"Home","item":"https:\/\/commercesutton.ca\/en\/"},{"@type":"ListItem","position":2,"name":"About"}]},{"@type":"WebSite","@id":"https:\/\/commercesutton.ca\/en\/#website","url":"https:\/\/commercesutton.ca\/en\/","name":"Commerce Sutton par la Corporation de d\u00e9veloppement \u00e9conomique de Sutton","description":"Trouvez une entreprise pr\u00e8s de Sutton","potentialAction":[{"@type":"SearchAction","target":{"@type":"EntryPoint","urlTemplate":"https:\/\/commercesutton.ca\/en\/?s={search_term_string}"},"query-input":{"@type":"PropertyValueSpecification","valueRequired":true,"valueName":"search_term_string"}}],"inLanguage":"en-US"}]}},"_links":{"self":[{"href":"https:\/\/commercesutton.ca\/en\/wp-json\/wp\/v2\/pages\/131","targetHints":{"allow":["GET"]}}],"collection":[{"href":"https:\/\/commercesutton.ca\/en\/wp-json\/wp\/v2\/pages"}],"about":[{"href":"https:\/\/commercesutton.ca\/en\/wp-json\/wp\/v2\/types\/page"}],"author":[{"embeddable":true,"href":"https:\/\/commercesutton.ca\/en\/wp-json\/wp\/v2\/users\/5"}],"replies":[{"embeddable":true,"href":"https:\/\/commercesutton.ca\/en\/wp-json\/wp\/v2\/comments?post=131"}],"version-history":[{"count":37,"href":"https:\/\/commercesutton.ca\/en\/wp-json\/wp\/v2\/pages\/131\/revisions"}],"predecessor-version":[{"id":2815,"href":"https:\/\/commercesutton.ca\/en\/wp-json\/wp\/v2\/pages\/131\/revisions\/2815"}],"wp:attachment":[{"href":"https:\/\/commercesutton.ca\/en\/wp-json\/wp\/v2\/media?parent=131"}],"curies":[{"name":"wp","href":"https:\/\/api.w.org\/{rel}","templated":true}]}}