{"id":1217,"date":"2017-08-10T13:30:15","date_gmt":"2017-08-10T18:30:15","guid":{"rendered":"https:\/\/commercesutton.ca\/?page_id=1217\/"},"modified":"2017-08-10T13:31:30","modified_gmt":"2017-08-10T18:31:30","slug":"poste-a-combler-coordonnateur-general","status":"publish","type":"page","link":"https:\/\/commercesutton.ca\/en\/poste-a-combler-coordonnateur-general\/","title":{"rendered":"Job Offer- General Manager"},"content":{"rendered":"<p style=\"text-align: justify;\">Please refer to the <a href=\"https:\/\/commercesutton.ca\/poste-a-combler-coordonnateur-general\/\">job description in French<\/a>.<\/p>\n<hr>\n<p style=\"text-align: center;\">Curriculum vitae <strong> must be sent before August 18, 2017 at 5 pm<\/strong> by email at :<br \/>\n<strong><a href=\"mailto:rh@tourismesutton.ca\">rh@tourismesutton.ca<\/a><\/strong><br \/>\n<u>With the subject \u00ab\u00a0Poste Coordonnateur g\u00e9n\u00e9ral\u00a0\u00bb<\/u><\/p>\n","protected":false},"excerpt":{"rendered":"<p>Please refer to the job description in French. Curriculum vitae must be sent before August 18, 2017 at 5 pm by email at : rh@tourismesutton.ca With the subject \u00ab\u00a0Poste Coordonnateur g\u00e9n\u00e9ral\u00a0\u00bb<\/p>\n","protected":false},"author":5,"featured_media":0,"parent":0,"menu_order":0,"comment_status":"closed","ping_status":"closed","template":"","meta":{"footnotes":""},"class_list":["post-1217","page","type-page","status-publish","hentry"],"yoast_head":"<!-- This site is optimized with the Yoast SEO plugin v27.5 - https:\/\/yoast.com\/product\/yoast-seo-wordpress\/ -->\n<title>Job Offer- General Manager - Commerce Sutton par la Corporation de d\u00e9veloppement \u00e9conomique de Sutton<\/title>\n<meta name=\"robots\" content=\"index, follow, max-snippet:-1, max-image-preview:large, max-video-preview:-1\" \/>\n<link rel=\"canonical\" href=\"https:\/\/commercesutton.ca\/en\/poste-a-combler-coordonnateur-general\/\" \/>\n<meta property=\"og:locale\" content=\"en_US\" \/>\n<meta property=\"og:type\" content=\"article\" \/>\n<meta property=\"og:title\" content=\"Job Offer- General Manager - Commerce Sutton par la Corporation de d\u00e9veloppement \u00e9conomique de Sutton\" \/>\n<meta property=\"og:description\" content=\"Please refer to the job description in French. Curriculum vitae must be sent before August 18, 2017 at 5 pm by email at : rh@tourismesutton.ca With the subject \u00ab\u00a0Poste Coordonnateur g\u00e9n\u00e9ral\u00a0\u00bb\" \/>\n<meta property=\"og:url\" content=\"https:\/\/commercesutton.ca\/en\/poste-a-combler-coordonnateur-general\/\" \/>\n<meta property=\"og:site_name\" content=\"Commerce Sutton par la Corporation de d\u00e9veloppement \u00e9conomique de Sutton\" \/>\n<meta property=\"article:publisher\" content=\"https:\/\/www.facebook.com\/tourisme.tourism\" \/>\n<meta property=\"article:modified_time\" content=\"2017-08-10T18:31:30+00:00\" \/>\n<meta property=\"og:image\" content=\"https:\/\/commercesutton.ca\/wp-content\/uploads\/2016\/07\/Facebookv2.png\" \/>\n\t<meta property=\"og:image:width\" content=\"1200\" \/>\n\t<meta property=\"og:image:height\" content=\"630\" \/>\n\t<meta property=\"og:image:type\" content=\"image\/png\" \/>\n<meta name=\"twitter:card\" content=\"summary_large_image\" \/>\n<script type=\"application\/ld+json\" class=\"yoast-schema-graph\">{\"@context\":\"https:\\\/\\\/schema.org\",\"@graph\":[{\"@type\":\"WebPage\",\"@id\":\"https:\\\/\\\/commercesutton.ca\\\/en\\\/poste-a-combler-coordonnateur-general\\\/\",\"url\":\"https:\\\/\\\/commercesutton.ca\\\/en\\\/poste-a-combler-coordonnateur-general\\\/\",\"name\":\"Job Offer- General Manager - Commerce Sutton par la Corporation de d\u00e9veloppement \u00e9conomique de Sutton\",\"isPartOf\":{\"@id\":\"https:\\\/\\\/commercesutton.ca\\\/en\\\/#website\"},\"datePublished\":\"2017-08-10T18:30:15+00:00\",\"dateModified\":\"2017-08-10T18:31:30+00:00\",\"breadcrumb\":{\"@id\":\"https:\\\/\\\/commercesutton.ca\\\/en\\\/poste-a-combler-coordonnateur-general\\\/#breadcrumb\"},\"inLanguage\":\"en-US\",\"potentialAction\":[{\"@type\":\"ReadAction\",\"target\":[\"https:\\\/\\\/commercesutton.ca\\\/en\\\/poste-a-combler-coordonnateur-general\\\/\"]}]},{\"@type\":\"BreadcrumbList\",\"@id\":\"https:\\\/\\\/commercesutton.ca\\\/en\\\/poste-a-combler-coordonnateur-general\\\/#breadcrumb\",\"itemListElement\":[{\"@type\":\"ListItem\",\"position\":1,\"name\":\"Home\",\"item\":\"https:\\\/\\\/commercesutton.ca\\\/en\\\/\"},{\"@type\":\"ListItem\",\"position\":2,\"name\":\"Job Offer- General Manager\"}]},{\"@type\":\"WebSite\",\"@id\":\"https:\\\/\\\/commercesutton.ca\\\/en\\\/#website\",\"url\":\"https:\\\/\\\/commercesutton.ca\\\/en\\\/\",\"name\":\"Commerce Sutton par la Corporation de d\u00e9veloppement \u00e9conomique de Sutton\",\"description\":\"Trouvez une entreprise pr\u00e8s de Sutton\",\"potentialAction\":[{\"@type\":\"SearchAction\",\"target\":{\"@type\":\"EntryPoint\",\"urlTemplate\":\"https:\\\/\\\/commercesutton.ca\\\/en\\\/?s={search_term_string}\"},\"query-input\":{\"@type\":\"PropertyValueSpecification\",\"valueRequired\":true,\"valueName\":\"search_term_string\"}}],\"inLanguage\":\"en-US\"}]}<\/script>\n<!-- \/ Yoast SEO plugin. -->","yoast_head_json":{"title":"Job Offer- General Manager - Commerce Sutton par la Corporation de d\u00e9veloppement \u00e9conomique de Sutton","robots":{"index":"index","follow":"follow","max-snippet":"max-snippet:-1","max-image-preview":"max-image-preview:large","max-video-preview":"max-video-preview:-1"},"canonical":"https:\/\/commercesutton.ca\/en\/poste-a-combler-coordonnateur-general\/","og_locale":"en_US","og_type":"article","og_title":"Job Offer- General Manager - Commerce Sutton par la Corporation de d\u00e9veloppement \u00e9conomique de Sutton","og_description":"Please refer to the job description in French. Curriculum vitae must be sent before August 18, 2017 at 5 pm by email at : rh@tourismesutton.ca With the subject \u00ab\u00a0Poste Coordonnateur g\u00e9n\u00e9ral\u00a0\u00bb","og_url":"https:\/\/commercesutton.ca\/en\/poste-a-combler-coordonnateur-general\/","og_site_name":"Commerce Sutton par la Corporation de d\u00e9veloppement \u00e9conomique de Sutton","article_publisher":"https:\/\/www.facebook.com\/tourisme.tourism","article_modified_time":"2017-08-10T18:31:30+00:00","og_image":[{"width":1200,"height":630,"url":"https:\/\/commercesutton.ca\/wp-content\/uploads\/2016\/07\/Facebookv2.png","type":"image\/png"}],"twitter_card":"summary_large_image","schema":{"@context":"https:\/\/schema.org","@graph":[{"@type":"WebPage","@id":"https:\/\/commercesutton.ca\/en\/poste-a-combler-coordonnateur-general\/","url":"https:\/\/commercesutton.ca\/en\/poste-a-combler-coordonnateur-general\/","name":"Job Offer- General Manager - Commerce Sutton par la Corporation de d\u00e9veloppement \u00e9conomique de Sutton","isPartOf":{"@id":"https:\/\/commercesutton.ca\/en\/#website"},"datePublished":"2017-08-10T18:30:15+00:00","dateModified":"2017-08-10T18:31:30+00:00","breadcrumb":{"@id":"https:\/\/commercesutton.ca\/en\/poste-a-combler-coordonnateur-general\/#breadcrumb"},"inLanguage":"en-US","potentialAction":[{"@type":"ReadAction","target":["https:\/\/commercesutton.ca\/en\/poste-a-combler-coordonnateur-general\/"]}]},{"@type":"BreadcrumbList","@id":"https:\/\/commercesutton.ca\/en\/poste-a-combler-coordonnateur-general\/#breadcrumb","itemListElement":[{"@type":"ListItem","position":1,"name":"Home","item":"https:\/\/commercesutton.ca\/en\/"},{"@type":"ListItem","position":2,"name":"Job Offer- General Manager"}]},{"@type":"WebSite","@id":"https:\/\/commercesutton.ca\/en\/#website","url":"https:\/\/commercesutton.ca\/en\/","name":"Commerce Sutton par la Corporation de d\u00e9veloppement \u00e9conomique de Sutton","description":"Trouvez une entreprise pr\u00e8s de Sutton","potentialAction":[{"@type":"SearchAction","target":{"@type":"EntryPoint","urlTemplate":"https:\/\/commercesutton.ca\/en\/?s={search_term_string}"},"query-input":{"@type":"PropertyValueSpecification","valueRequired":true,"valueName":"search_term_string"}}],"inLanguage":"en-US"}]}},"_links":{"self":[{"href":"https:\/\/commercesutton.ca\/en\/wp-json\/wp\/v2\/pages\/1217","targetHints":{"allow":["GET"]}}],"collection":[{"href":"https:\/\/commercesutton.ca\/en\/wp-json\/wp\/v2\/pages"}],"about":[{"href":"https:\/\/commercesutton.ca\/en\/wp-json\/wp\/v2\/types\/page"}],"author":[{"embeddable":true,"href":"https:\/\/commercesutton.ca\/en\/wp-json\/wp\/v2\/users\/5"}],"replies":[{"embeddable":true,"href":"https:\/\/commercesutton.ca\/en\/wp-json\/wp\/v2\/comments?post=1217"}],"version-history":[{"count":3,"href":"https:\/\/commercesutton.ca\/en\/wp-json\/wp\/v2\/pages\/1217\/revisions"}],"predecessor-version":[{"id":1221,"href":"https:\/\/commercesutton.ca\/en\/wp-json\/wp\/v2\/pages\/1217\/revisions\/1221"}],"wp:attachment":[{"href":"https:\/\/commercesutton.ca\/en\/wp-json\/wp\/v2\/media?parent=1217"}],"curies":[{"name":"wp","href":"https:\/\/api.w.org\/{rel}","templated":true}]}}