{"id":1157,"date":"2017-04-19T11:26:12","date_gmt":"2017-04-19T16:26:12","guid":{"rendered":"https:\/\/commercesutton.ca\/?page_id=1157\/"},"modified":"2025-05-19T12:31:38","modified_gmt":"2025-05-19T16:31:38","slug":"annual-general-meeting","status":"publish","type":"page","link":"https:\/\/commercesutton.ca\/en\/annual-general-meeting\/","title":{"rendered":"Annual General Meeting"},"content":{"rendered":"\n\n\tThe Corporation de d\u00e9veloppement \u00e9conomique de Sutton (CD\u00c9S) will hold its Annual General Meeting<br \/>\non <strong>Wednesday, May 21, 2025, at 4 p.m.<\/strong>, at D&#8217;Arts et de R\u00eaves in Sutton.\n<p>The meeting is open to the public, but only members have the right to vote.<\/p>\n<p>There is 4 positions up for election this year.<\/p>\n<p>To reserve your place, please email <a href=\"mailto:h.vanha@tourismesutton.ca\">h.vanha@tourismesutton.ca<\/a><\/p>\n<p><!-- : <strong>Grands h\u00e9bergements<\/strong> - Nicolas Cavelier De Cuverville, Hutopia; <strong>Services et commerces<\/strong> - Elyse Boulanger, Forte; <strong>Attraits<\/strong> - Jeremy Fontana, V\u00e9lo Volant.<\/p>\nLes membres qui veulent soumettre leur candidature \u00e0 un poste vacant doivent le faire en soumettant \u00e0 la CDES un avis de mise en candidature sign\u00e9 par deux (2) membres qualifi\u00e9s au plus tard sept (7) jours pr\u00e9c\u00e9dant l'assembl\u00e9e g\u00e9n\u00e9rale annuelle, soit le <u>mardi 21 mai 2019, 16 h<\/u>.-->\n<h3>Documents (In French only)<\/h3>\n<ul>\n<li>\n<ul>\n<li><a href=\"https:\/\/commercesutton.ca\/wp-content\/uploads\/2025\/05\/ODJ-AGA_2025-vc.pdf\" target=\"_blank\" rel=\"noopener\">Agenda AGM &#8211; May 21, 2025<\/a><\/li>\n<li><a href=\"https:\/\/commercesutton.ca\/wp-content\/uploads\/2025\/05\/P-V_AGA-15_mai_2024-vc.pdf\" target=\"_blank\" rel=\"noopener\">Minutes &#8211; May 15, 2024<\/a><\/li>\n<li><a href=\"https:\/\/commercesutton.ca\/wp-content\/uploads\/2025\/04\/Mise_en_candidature_2025.pdf\" target=\"_blank\" rel=\"noopener\">Application for election<\/a><\/li>\n<li>Financial Statement &#8211; December 31<sup>st<\/sup>, 2024 (to come)<\/li>\n<li><a href=\"https:\/\/commercesutton.ca\/wp-content\/uploads\/2025\/05\/Reglement_generala_adopter_au_21_mai_2025.pdf\" target=\"_blank\" rel=\"noopener\">Amended Bylaws<\/a> (to be approved)<\/li>\n<\/ul>\n<\/li>\n<\/ul>\n<!--\n<li><a href=\"https:\/\/commercesutton.ca\/wp-content\/uploads\/2019\/05\/Mise_en_candidature-2019.pdf\" target=\"_blank\" rel=\"noopener noreferrer\">Formulaire de mise en candidature<\/a><\/li>\n<li><a href=\"https:\/\/commercesutton.ca\/wp-content\/uploads\/2017\/04\/Etats_financiers_31_dec_16.pdf\" target=\"_blank\" rel=\"noopener noreferrer\">\u00c9tats financiers 2016<\/a><\/li>\n<li><a href=\"https:\/\/commercesutton.ca\/wp-content\/uploads\/2017\/05\/AGA-2017.pdf\" target=\"_blank\" rel=\"noopener noreferrer\">Pr\u00e9sentation - AGA 2017<\/a><\/li>\n-->\n\n","protected":false},"excerpt":{"rendered":"<p>The Corporation de d\u00e9veloppement \u00e9conomique de Sutton (CD\u00c9S) will hold its Annual General Meeting on Wednesday, May 21, 2025, at 4 p.m., at D&#8217;Arts et de R\u00eaves in Sutton. The meeting is open to the public, but only members have the right to vote. There is 4 positions up for election this year. To reserve&hellip;<\/p>\n","protected":false},"author":5,"featured_media":0,"parent":0,"menu_order":0,"comment_status":"closed","ping_status":"closed","template":"","meta":{"footnotes":""},"class_list":["post-1157","page","type-page","status-publish","hentry"],"yoast_head":"<!-- This site is optimized with the Yoast SEO plugin v27.4 - https:\/\/yoast.com\/product\/yoast-seo-wordpress\/ -->\n<title>Annual General Meeting - Commerce Sutton par la Corporation de d\u00e9veloppement \u00e9conomique de Sutton<\/title>\n<meta name=\"robots\" content=\"index, follow, max-snippet:-1, max-image-preview:large, max-video-preview:-1\" \/>\n<link rel=\"canonical\" href=\"https:\/\/commercesutton.ca\/en\/annual-general-meeting\/\" \/>\n<meta property=\"og:locale\" content=\"en_US\" \/>\n<meta property=\"og:type\" content=\"article\" \/>\n<meta property=\"og:title\" content=\"Annual General Meeting - Commerce Sutton par la Corporation de d\u00e9veloppement \u00e9conomique de Sutton\" \/>\n<meta property=\"og:description\" content=\"The Corporation de d\u00e9veloppement \u00e9conomique de Sutton (CD\u00c9S) will hold its Annual General Meeting on Wednesday, May 21, 2025, at 4 p.m., at D&#8217;Arts et de R\u00eaves in Sutton. The meeting is open to the public, but only members have the right to vote. There is 4 positions up for election this year. To reserve&hellip;\" \/>\n<meta property=\"og:url\" content=\"https:\/\/commercesutton.ca\/en\/annual-general-meeting\/\" \/>\n<meta property=\"og:site_name\" content=\"Commerce Sutton par la Corporation de d\u00e9veloppement \u00e9conomique de Sutton\" \/>\n<meta property=\"article:publisher\" content=\"https:\/\/www.facebook.com\/tourisme.tourism\" \/>\n<meta property=\"article:modified_time\" content=\"2025-05-19T16:31:38+00:00\" \/>\n<meta property=\"og:image\" content=\"https:\/\/commercesutton.ca\/wp-content\/uploads\/2016\/07\/Facebookv2.png\" \/>\n\t<meta property=\"og:image:width\" content=\"1200\" \/>\n\t<meta property=\"og:image:height\" content=\"630\" \/>\n\t<meta property=\"og:image:type\" content=\"image\/png\" \/>\n<meta name=\"twitter:card\" content=\"summary_large_image\" \/>\n<script type=\"application\/ld+json\" class=\"yoast-schema-graph\">{\"@context\":\"https:\\\/\\\/schema.org\",\"@graph\":[{\"@type\":\"WebPage\",\"@id\":\"https:\\\/\\\/commercesutton.ca\\\/en\\\/annual-general-meeting\\\/\",\"url\":\"https:\\\/\\\/commercesutton.ca\\\/en\\\/annual-general-meeting\\\/\",\"name\":\"Annual General Meeting - Commerce Sutton par la Corporation de d\u00e9veloppement \u00e9conomique de Sutton\",\"isPartOf\":{\"@id\":\"https:\\\/\\\/commercesutton.ca\\\/en\\\/#website\"},\"datePublished\":\"2017-04-19T16:26:12+00:00\",\"dateModified\":\"2025-05-19T16:31:38+00:00\",\"breadcrumb\":{\"@id\":\"https:\\\/\\\/commercesutton.ca\\\/en\\\/annual-general-meeting\\\/#breadcrumb\"},\"inLanguage\":\"en-US\",\"potentialAction\":[{\"@type\":\"ReadAction\",\"target\":[\"https:\\\/\\\/commercesutton.ca\\\/en\\\/annual-general-meeting\\\/\"]}]},{\"@type\":\"BreadcrumbList\",\"@id\":\"https:\\\/\\\/commercesutton.ca\\\/en\\\/annual-general-meeting\\\/#breadcrumb\",\"itemListElement\":[{\"@type\":\"ListItem\",\"position\":1,\"name\":\"Home\",\"item\":\"https:\\\/\\\/commercesutton.ca\\\/en\\\/\"},{\"@type\":\"ListItem\",\"position\":2,\"name\":\"Annual General Meeting\"}]},{\"@type\":\"WebSite\",\"@id\":\"https:\\\/\\\/commercesutton.ca\\\/en\\\/#website\",\"url\":\"https:\\\/\\\/commercesutton.ca\\\/en\\\/\",\"name\":\"Commerce Sutton par la Corporation de d\u00e9veloppement \u00e9conomique de Sutton\",\"description\":\"Trouvez une entreprise pr\u00e8s de Sutton\",\"potentialAction\":[{\"@type\":\"SearchAction\",\"target\":{\"@type\":\"EntryPoint\",\"urlTemplate\":\"https:\\\/\\\/commercesutton.ca\\\/en\\\/?s={search_term_string}\"},\"query-input\":{\"@type\":\"PropertyValueSpecification\",\"valueRequired\":true,\"valueName\":\"search_term_string\"}}],\"inLanguage\":\"en-US\"}]}<\/script>\n<!-- \/ Yoast SEO plugin. -->","yoast_head_json":{"title":"Annual General Meeting - Commerce Sutton par la Corporation de d\u00e9veloppement \u00e9conomique de Sutton","robots":{"index":"index","follow":"follow","max-snippet":"max-snippet:-1","max-image-preview":"max-image-preview:large","max-video-preview":"max-video-preview:-1"},"canonical":"https:\/\/commercesutton.ca\/en\/annual-general-meeting\/","og_locale":"en_US","og_type":"article","og_title":"Annual General Meeting - Commerce Sutton par la Corporation de d\u00e9veloppement \u00e9conomique de Sutton","og_description":"The Corporation de d\u00e9veloppement \u00e9conomique de Sutton (CD\u00c9S) will hold its Annual General Meeting on Wednesday, May 21, 2025, at 4 p.m., at D&#8217;Arts et de R\u00eaves in Sutton. The meeting is open to the public, but only members have the right to vote. There is 4 positions up for election this year. To reserve&hellip;","og_url":"https:\/\/commercesutton.ca\/en\/annual-general-meeting\/","og_site_name":"Commerce Sutton par la Corporation de d\u00e9veloppement \u00e9conomique de Sutton","article_publisher":"https:\/\/www.facebook.com\/tourisme.tourism","article_modified_time":"2025-05-19T16:31:38+00:00","og_image":[{"width":1200,"height":630,"url":"https:\/\/commercesutton.ca\/wp-content\/uploads\/2016\/07\/Facebookv2.png","type":"image\/png"}],"twitter_card":"summary_large_image","schema":{"@context":"https:\/\/schema.org","@graph":[{"@type":"WebPage","@id":"https:\/\/commercesutton.ca\/en\/annual-general-meeting\/","url":"https:\/\/commercesutton.ca\/en\/annual-general-meeting\/","name":"Annual General Meeting - Commerce Sutton par la Corporation de d\u00e9veloppement \u00e9conomique de Sutton","isPartOf":{"@id":"https:\/\/commercesutton.ca\/en\/#website"},"datePublished":"2017-04-19T16:26:12+00:00","dateModified":"2025-05-19T16:31:38+00:00","breadcrumb":{"@id":"https:\/\/commercesutton.ca\/en\/annual-general-meeting\/#breadcrumb"},"inLanguage":"en-US","potentialAction":[{"@type":"ReadAction","target":["https:\/\/commercesutton.ca\/en\/annual-general-meeting\/"]}]},{"@type":"BreadcrumbList","@id":"https:\/\/commercesutton.ca\/en\/annual-general-meeting\/#breadcrumb","itemListElement":[{"@type":"ListItem","position":1,"name":"Home","item":"https:\/\/commercesutton.ca\/en\/"},{"@type":"ListItem","position":2,"name":"Annual General Meeting"}]},{"@type":"WebSite","@id":"https:\/\/commercesutton.ca\/en\/#website","url":"https:\/\/commercesutton.ca\/en\/","name":"Commerce Sutton par la Corporation de d\u00e9veloppement \u00e9conomique de Sutton","description":"Trouvez une entreprise pr\u00e8s de Sutton","potentialAction":[{"@type":"SearchAction","target":{"@type":"EntryPoint","urlTemplate":"https:\/\/commercesutton.ca\/en\/?s={search_term_string}"},"query-input":{"@type":"PropertyValueSpecification","valueRequired":true,"valueName":"search_term_string"}}],"inLanguage":"en-US"}]}},"_links":{"self":[{"href":"https:\/\/commercesutton.ca\/en\/wp-json\/wp\/v2\/pages\/1157","targetHints":{"allow":["GET"]}}],"collection":[{"href":"https:\/\/commercesutton.ca\/en\/wp-json\/wp\/v2\/pages"}],"about":[{"href":"https:\/\/commercesutton.ca\/en\/wp-json\/wp\/v2\/types\/page"}],"author":[{"embeddable":true,"href":"https:\/\/commercesutton.ca\/en\/wp-json\/wp\/v2\/users\/5"}],"replies":[{"embeddable":true,"href":"https:\/\/commercesutton.ca\/en\/wp-json\/wp\/v2\/comments?post=1157"}],"version-history":[{"count":27,"href":"https:\/\/commercesutton.ca\/en\/wp-json\/wp\/v2\/pages\/1157\/revisions"}],"predecessor-version":[{"id":2801,"href":"https:\/\/commercesutton.ca\/en\/wp-json\/wp\/v2\/pages\/1157\/revisions\/2801"}],"wp:attachment":[{"href":"https:\/\/commercesutton.ca\/en\/wp-json\/wp\/v2\/media?parent=1157"}],"curies":[{"name":"wp","href":"https:\/\/api.w.org\/{rel}","templated":true}]}}